{"id":2867,"date":"2024-03-13T18:14:48","date_gmt":"2024-03-13T18:14:48","guid":{"rendered":"https:\/\/mobilitehaber.com\/?page_id=2461"},"modified":"2024-03-24T07:36:09","modified_gmt":"2024-03-24T07:36:09","slug":"elementor-2461","status":"publish","type":"page","link":"https:\/\/fikridea.com\/","title":{"rendered":""},"content":{"rendered":"\t\t<div data-elementor-type=\"wp-page\" data-elementor-id=\"2867\" class=\"elementor elementor-2867\">\n\t\t\t\t\t\t<section class=\"penci-section penci-dmcheck penci-elbg-activate penci-disSticky penci-structure-10 elementor-section elementor-top-section elementor-element elementor-element-75f4f028 elementor-section-boxed elementor-section-height-default elementor-section-height-default\" data-id=\"75f4f028\" data-element_type=\"section\" data-settings=\"{&quot;background_background&quot;:&quot;classic&quot;}\">\n\t\t\t\t\t\t<div class=\"elementor-container elementor-column-gap-no\">\n\t\t\t\t\t<div class=\"penci-ercol-100 penci-ercol-order-1 penci-sticky-ct    elementor-column elementor-col-100 elementor-top-column elementor-element elementor-element-463fe087\" data-id=\"463fe087\" data-element_type=\"column\">\n\t\t\t<div class=\"elementor-widget-wrap elementor-element-populated\">\n\t\t\t\t\t\t<div class=\"elementor-element elementor-element-277f9896 elementor-widget elementor-widget-penci-fancy_heading\" data-id=\"277f9896\" data-element_type=\"widget\" data-widget_type=\"penci-fancy_heading.default\">\n\t\t\t\t<div class=\"elementor-widget-container\">\n\t\t\t\t\t<div class=\"penci-fancy-heading penci-heading-text-center\">\r\n\t\t\t<div class=\"penci-fancy-heading-inner\">\r\n\t\t\t\t<h2 class=\"penci-heading-title\"><span class=\"inner-tit\">GELENEKSEL\u0130 BIRAK, FARK YARAT !<\/span><\/h2><div class=\"penci-heading-content entry-content\"><p>Fikirleri idealar \u0131\u015f\u0131\u011f\u0131nda bir araya getiren, giri\u015fimcilerin ilham ald\u0131\u011f\u0131 ve birbirini destekledi\u011fi bir network noktas\u0131y\u0131z.<br \/>\nFark yaratmak isteyen herkesin \u00f6zg\u00fcn yeteneklerini sergileyebilece\u011fi, b\u00fcy\u00fcyebilece\u011fi ve birlikte ba\u015far\u0131ya y\u00fcr\u00fcyebilece\u011fi bir yolculuk sunuyoruz.<\/p>\n<p>\u0130ster fikirlerini payla\u015f, ister projelerinle yola \u00e7\u0131km\u0131\u015f ol; her ad\u0131m\u0131nda biz yan\u0131nday\u0131z.<\/p>\n<\/div>\t\t\t<\/div>\r\n\t\t<\/div>\r\n\t\t\t\t<\/div>\n\t\t\t\t<\/div>\n\t\t\t\t\t<\/div>\n\t\t<\/div>\n\t\t\t\t\t<\/div>\n\t\t<\/section>\n\t\t\t\t<section class=\"penci-section penci-disSticky penci-structure-30 elementor-section elementor-top-section elementor-element elementor-element-636cf260 elementor-section-boxed elementor-section-height-default elementor-section-height-default\" data-id=\"636cf260\" data-element_type=\"section\">\n\t\t\t\t\t\t<div class=\"elementor-container elementor-column-gap-extended\">\n\t\t\t\t\t<div class=\"penci-ercol-33 penci-ercol-order-1 penci-sticky-sb penci-sidebarSC   elementor-column elementor-col-33 elementor-top-column elementor-element elementor-element-5b66e307\" data-id=\"5b66e307\" data-element_type=\"column\">\n\t\t\t<div class=\"elementor-widget-wrap elementor-element-populated\">\n\t\t\t\t\t\t<div class=\"elementor-element elementor-element-ebdfc80 elementor-widget elementor-widget-image\" data-id=\"ebdfc80\" data-element_type=\"widget\" data-widget_type=\"image.default\">\n\t\t\t\t<div class=\"elementor-widget-container\">\n\t\t\t<style>\/*! elementor - v3.20.0 - 13-03-2024 *\/\n.elementor-widget-image{text-align:center}.elementor-widget-image a{display:inline-block}.elementor-widget-image a img[src$=\".svg\"]{width:48px}.elementor-widget-image img{vertical-align:middle;display:inline-block}<\/style>\t\t\t\t\t\t\t\t\t\t<img decoding=\"async\" src=\"https:\/\/mobilitehaber.com\/wp-content\/uploads\/2024\/03\/Minimal-Instagram-Post-3.png\" title=\"\" alt=\"\" loading=\"lazy\" \/>\t\t\t\t\t\t\t\t\t\t\t\t\t<\/div>\n\t\t\t\t<\/div>\n\t\t\t\t\t<\/div>\n\t\t<\/div>\n\t\t\t\t<div class=\"penci-ercol-33 penci-ercol-order-2 penci-sticky-sb penci-sidebarSC   elementor-column elementor-col-33 elementor-top-column elementor-element elementor-element-5b4c9072\" data-id=\"5b4c9072\" data-element_type=\"column\">\n\t\t\t<div class=\"elementor-widget-wrap elementor-element-populated\">\n\t\t\t\t\t\t<div class=\"elementor-element elementor-element-73f05c2 elementor-widget elementor-widget-image\" data-id=\"73f05c2\" data-element_type=\"widget\" data-widget_type=\"image.default\">\n\t\t\t\t<div class=\"elementor-widget-container\">\n\t\t\t\t\t\t\t\t\t\t\t\t\t<img decoding=\"async\" src=\"https:\/\/mobilitehaber.com\/wp-content\/uploads\/2024\/03\/Minimal-Instagram-Post-2.png\" title=\"\" alt=\"\" loading=\"lazy\" \/>\t\t\t\t\t\t\t\t\t\t\t\t\t<\/div>\n\t\t\t\t<\/div>\n\t\t\t\t\t<\/div>\n\t\t<\/div>\n\t\t\t\t<div class=\"penci-ercol-33 penci-ercol-order-3 penci-sticky-sb penci-sidebarSC   elementor-column elementor-col-33 elementor-top-column elementor-element elementor-element-15d5d50b\" data-id=\"15d5d50b\" data-element_type=\"column\">\n\t\t\t<div class=\"elementor-widget-wrap elementor-element-populated\">\n\t\t\t\t\t\t<div class=\"elementor-element elementor-element-417b4c61 elementor-widget elementor-widget-image\" data-id=\"417b4c61\" data-element_type=\"widget\" data-widget_type=\"image.default\">\n\t\t\t\t<div class=\"elementor-widget-container\">\n\t\t\t\t\t\t\t\t\t\t\t\t\t<img decoding=\"async\" src=\"https:\/\/mobilitehaber.com\/wp-content\/uploads\/2024\/03\/Minimal-Instagram-Post-1.png\" title=\"\" alt=\"\" loading=\"lazy\" \/>\t\t\t\t\t\t\t\t\t\t\t\t\t<\/div>\n\t\t\t\t<\/div>\n\t\t\t\t\t<\/div>\n\t\t<\/div>\n\t\t\t\t\t<\/div>\n\t\t<\/section>\n\t\t\t\t<section class=\"penci-section penci-enSticky penci-structure-10 elementor-section elementor-top-section elementor-element elementor-element-4aea9040 elementor-section-boxed elementor-section-height-default elementor-section-height-default\" data-id=\"4aea9040\" data-element_type=\"section\">\n\t\t\t\t\t\t<div class=\"elementor-container elementor-column-gap-no\">\n\t\t\t\t\t<div class=\"penci-ercol-100 penci-ercol-order-1 penci-sticky-ct    elementor-column elementor-col-100 elementor-top-column elementor-element elementor-element-4d496b3a\" data-id=\"4d496b3a\" data-element_type=\"column\">\n\t\t\t<div class=\"elementor-widget-wrap elementor-element-populated\">\n\t\t\t\t\t\t<div class=\"elementor-element elementor-element-35719225 elementor-widget elementor-widget-penci-fancy_heading\" data-id=\"35719225\" data-element_type=\"widget\" data-widget_type=\"penci-fancy_heading.default\">\n\t\t\t\t<div class=\"elementor-widget-container\">\n\t\t\t\t\t<div class=\"penci-fancy-heading penci-heading-text-center\">\r\n\t\t\t<div class=\"penci-fancy-heading-inner\">\r\n\t\t\t\t<h2 class=\"penci-heading-title\"><span class=\"inner-tit\">B\u0130ZE KATIL !<\/span><\/h2><div class=\"penci-heading-content entry-content\"><p>Fikridea, fikirlerinizi bir ad\u0131m \u00f6ne ta\u015f\u0131man\u0131n, projelerinizi hayata ge\u00e7irmenin ve giri\u015fimcilikte fark yaratman\u0131n anahtar\u0131d\u0131r. Seni bu heyecan verici yolculu\u011fa davet ediyoruz. Hayallerine do\u011fru bir ad\u0131m atmak i\u00e7in \u015fimdi Fikridea\u2019ya kat\u0131l!<\/p>\n<\/div>\t\t\t<\/div>\r\n\t\t<\/div>\r\n\t\t\t\t<\/div>\n\t\t\t\t<\/div>\n\t\t\t\t<div class=\"elementor-element elementor-element-f4d50e8 elementor-align-center elementor-widget elementor-widget-button\" data-id=\"f4d50e8\" data-element_type=\"widget\" data-widget_type=\"button.default\">\n\t\t\t\t<div class=\"elementor-widget-container\">\n\t\t\t\t\t<div class=\"elementor-button-wrapper\">\n\t\t\t<a class=\"elementor-button elementor-button-link elementor-size-sm\" href=\"https:\/\/docs.google.com\/forms\/d\/e\/1FAIpQLSf6veFzDr2MpRFK7OOIP-wp6GiTFYiz-DuxDTk-QAczNwOASg\/viewform?usp=pp_url\">\n\t\t\t\t\t\t<span class=\"elementor-button-content-wrapper\">\n\t\t\t\t\t\t<span class=\"elementor-button-text\">B\u0130ZE KATIL<\/span>\n\t\t<\/span>\n\t\t\t\t\t<\/a>\n\t\t<\/div>\n\t\t\t\t<\/div>\n\t\t\t\t<\/div>\n\t\t\t\t\t<\/div>\n\t\t<\/div>\n\t\t\t\t\t<\/div>\n\t\t<\/section>\n\t\t\t\t<section class=\"penci-section penci-disSticky penci-structure-10 elementor-section elementor-top-section elementor-element elementor-element-e032cd0 elementor-section-boxed elementor-section-height-default elementor-section-height-default\" data-id=\"e032cd0\" data-element_type=\"section\">\n\t\t\t\t\t\t<div class=\"elementor-container elementor-column-gap-default\">\n\t\t\t\t\t<div class=\"penci-ercol-100 penci-ercol-order-1 penci-sticky-ct    elementor-column elementor-col-100 elementor-top-column elementor-element elementor-element-ee8d131\" data-id=\"ee8d131\" data-element_type=\"column\">\n\t\t\t<div class=\"elementor-widget-wrap elementor-element-populated\">\n\t\t\t\t\t\t<div class=\"elementor-element elementor-element-f22b94f elementor-widget elementor-widget-heading\" data-id=\"f22b94f\" data-element_type=\"widget\" data-widget_type=\"heading.default\">\n\t\t\t\t<div class=\"elementor-widget-container\">\n\t\t\t<style>\/*! elementor - v3.20.0 - 13-03-2024 *\/\n.elementor-heading-title{padding:0;margin:0;line-height:1}.elementor-widget-heading .elementor-heading-title[class*=elementor-size-]>a{color:inherit;font-size:inherit;line-height:inherit}.elementor-widget-heading .elementor-heading-title.elementor-size-small{font-size:15px}.elementor-widget-heading .elementor-heading-title.elementor-size-medium{font-size:19px}.elementor-widget-heading .elementor-heading-title.elementor-size-large{font-size:29px}.elementor-widget-heading .elementor-heading-title.elementor-size-xl{font-size:39px}.elementor-widget-heading .elementor-heading-title.elementor-size-xxl{font-size:59px}<\/style><h2 class=\"elementor-heading-title elementor-size-xl\">ADIMLARIMIZ<\/h2>\t\t<\/div>\n\t\t\t\t<\/div>\n\t\t\t\t\t<\/div>\n\t\t<\/div>\n\t\t\t\t\t<\/div>\n\t\t<\/section>\n\t\t\t\t<section class=\"penci-section penci-dmcheck penci-elbg-activate penci-disSticky penci-structure-30 elementor-section elementor-top-section elementor-element elementor-element-5b967874 elementor-section-boxed elementor-section-height-default elementor-section-height-default\" data-id=\"5b967874\" data-element_type=\"section\" data-settings=\"{&quot;background_background&quot;:&quot;classic&quot;}\">\n\t\t\t\t\t\t<div class=\"elementor-container elementor-column-gap-extended\">\n\t\t\t\t\t<div class=\"penci-ercol-33 penci-ercol-order-1 penci-sticky-sb penci-sidebarSC   elementor-column elementor-col-33 elementor-top-column elementor-element elementor-element-1b399e02\" data-id=\"1b399e02\" data-element_type=\"column\">\n\t\t\t<div class=\"elementor-widget-wrap elementor-element-populated\">\n\t\t\t\t\t\t<div class=\"elementor-element elementor-element-2110b6c3 elementor-widget elementor-widget-penci-info-box\" data-id=\"2110b6c3\" data-element_type=\"widget\" data-widget_type=\"penci-info-box.default\">\n\t\t\t\t<div class=\"elementor-widget-container\">\n\t\t\t        <div id=\"penci_info_box_74058\" class=\"penci-block-vc penci-info-box penci-ibox-top-center penci-view-default penci-shape-circle\">\r\n            <div class=\"penci-ibox-inner\">\r\n\t\t\t\t\t\t\t\t<div class=\"penci-ibox-icon penci-ibox-icon--icon penci-icon penci-tibox-svg\"><span class=\"penci-ibox-icon-fa\"><\/span><\/div>                <div class=\"penci-ibox-content-wrap\">\r\n\t\t\t\t\t\t\t\t\t\t<h3\r\n                            class=\"penci-ibox-title\">DENEY\u0130M HAR\u0130TASI<\/h3>\t\t\t\t\t                        <div class=\"pc-ibox-wpline\"><span class=\"penci-ibox-line\"><\/span><\/div>\t\t\t\t\t                        <div class=\"penci-ibox-content\"><p style=\"text-align: center;\"><em>Gelece\u011fin liderlerini ve giri\u015fimcilerini desteklemek amac\u0131yla yeni bir ad\u0131m at\u0131yoruz!<\/em><\/p>\n<p>\u00a0<\/p>\n<p style=\"text-align: center;\">Deneyim Haritas\u0131,\u00a0 ba\u015far\u0131l\u0131 giri\u015fimcilerin ve profesyonellerin gen\u00e7 yeteneklere rehberlik etmelerini sa\u011fl\u0131yor. Bilgi ve deneyim payla\u015f\u0131m\u0131n\u0131 te\u015fvik ederek, giri\u015fimcilik yolculu\u011funu \u015fekillendirecek.<\/p>\n<p style=\"text-align: center;\">Unutulmaz bir mentorluk deneyimi ya\u015famak ve giri\u015fimcilikte yeni ufuklara yelken a\u00e7mak i\u00e7in, sen de<strong>\u00a0<br \/>\u201cDeneyim Haritas\u0131\u201dna kat\u0131l !<\/strong><\/p>\n<\/div>\t\t\t\t\t                <\/div>\r\n            <\/div>\r\n        <\/div>\r\n\t\t\t\t<\/div>\n\t\t\t\t<\/div>\n\t\t\t\t<div class=\"elementor-element elementor-element-b038c20 elementor-align-center elementor-widget elementor-widget-button\" data-id=\"b038c20\" data-element_type=\"widget\" data-widget_type=\"button.default\">\n\t\t\t\t<div class=\"elementor-widget-container\">\n\t\t\t\t\t<div class=\"elementor-button-wrapper\">\n\t\t\t<a class=\"elementor-button elementor-button-link elementor-size-sm\" href=\"https:\/\/forms.gle\/GoBu3N94VsABbbb76\">\n\t\t\t\t\t\t<span class=\"elementor-button-content-wrapper\">\n\t\t\t\t\t\t<span class=\"elementor-button-text\">KATIL<\/span>\n\t\t<\/span>\n\t\t\t\t\t<\/a>\n\t\t<\/div>\n\t\t\t\t<\/div>\n\t\t\t\t<\/div>\n\t\t\t\t\t<\/div>\n\t\t<\/div>\n\t\t\t\t<div class=\"penci-ercol-33 penci-ercol-order-2 penci-sticky-sb penci-sidebarSC   elementor-column elementor-col-33 elementor-top-column elementor-element elementor-element-5946e230\" data-id=\"5946e230\" data-element_type=\"column\">\n\t\t\t<div class=\"elementor-widget-wrap elementor-element-populated\">\n\t\t\t\t\t\t<div class=\"elementor-element elementor-element-5a9966e9 elementor-widget elementor-widget-penci-info-box\" data-id=\"5a9966e9\" data-element_type=\"widget\" data-widget_type=\"penci-info-box.default\">\n\t\t\t\t<div class=\"elementor-widget-container\">\n\t\t\t        <div id=\"penci_info_box_73494\" class=\"penci-block-vc penci-info-box penci-ibox-top-center penci-view-default penci-shape-circle\">\r\n            <div class=\"penci-ibox-inner\">\r\n\t\t\t\t\t\t\t\t<div class=\"penci-ibox-icon penci-ibox-icon--icon penci-icon penci-tibox-svg\"><span class=\"penci-ibox-icon-fa\"><\/span><\/div>                <div class=\"penci-ibox-content-wrap\">\r\n\t\t\t\t\t\t\t\t\t\t<h3\r\n                            class=\"penci-ibox-title\">GEN\u00c7 END\u00dcSTR\u0130<\/h3>\t\t\t\t\t                        <div class=\"pc-ibox-wpline\"><span class=\"penci-ibox-line\"><\/span><\/div>\t\t\t\t\t                        <div class=\"penci-ibox-content\"><p style=\"text-align: center;\"><em>Gen\u00e7 End\u00fcstri program\u0131yla, gen\u00e7lerin potansiyellerini zirveye ta\u015f\u0131maya bir ad\u0131m daha yakla\u015f\u0131yoruz!<\/em><\/p>\n<p>\u00a0<\/p>\n<p style=\"text-align: center;\">Sanayinin gelece\u011fi olan gen\u00e7ler, teknik geziler ve e\u011fitimlerle end\u00fcstrileri ke\u015ffedecek, sekt\u00f6r liderleriyle tan\u0131\u015facak ve kariyerlerine ilham katacak bir yolculu\u011fa \u00e7\u0131kacaklar.<\/p>\n<p>\u00a0<\/p>\n<p style=\"text-align: center;\">Kendi ba\u015far\u0131 hikayeni yazmak ve gelece\u011fin liderleri aras\u0131nda yer almak i\u00e7in, sen de <br \/><strong>\"Gen\u00e7 End\u00fcstri\"ye kat\u0131l !<\/strong><\/p>\n<p style=\"text-align: center;\">\u00a0<\/p>\n<\/div>\t\t\t\t\t                <\/div>\r\n            <\/div>\r\n        <\/div>\r\n\t\t\t\t<\/div>\n\t\t\t\t<\/div>\n\t\t\t\t\t<\/div>\n\t\t<\/div>\n\t\t\t\t<div class=\"penci-ercol-33 penci-ercol-order-3 penci-sticky-sb penci-sidebarSC   elementor-column elementor-col-33 elementor-top-column elementor-element elementor-element-198fcd9c\" data-id=\"198fcd9c\" data-element_type=\"column\">\n\t\t\t<div class=\"elementor-widget-wrap elementor-element-populated\">\n\t\t\t\t\t\t<div class=\"elementor-element elementor-element-4557901d elementor-widget elementor-widget-penci-info-box\" data-id=\"4557901d\" data-element_type=\"widget\" data-widget_type=\"penci-info-box.default\">\n\t\t\t\t<div class=\"elementor-widget-container\">\n\t\t\t        <div id=\"penci_info_box_93852\" class=\"penci-block-vc penci-info-box penci-ibox-top-center penci-view-default penci-shape-circle\">\r\n            <div class=\"penci-ibox-inner\">\r\n\t\t\t\t\t\t\t\t<div class=\"penci-ibox-icon penci-ibox-icon--icon penci-icon penci-tibox-svg\"><span class=\"penci-ibox-icon-fa\"><\/span><\/div>                <div class=\"penci-ibox-content-wrap\">\r\n\t\t\t\t\t\t\t\t\t\t<h3\r\n                            class=\"penci-ibox-title\">S\u00dcRD\u00dcR\u00dcLEB\u0130L\u0130RL\u0130K 101<\/h3>\t\t\t\t\t                        <div class=\"pc-ibox-wpline\"><span class=\"penci-ibox-line\"><\/span><\/div>\t\t\t\t\t                        <div class=\"penci-ibox-content\"><p style=\"text-align: center;\"><em>S\u00fcrd\u00fcr\u00fclebilir projeler ile ye\u015fil bir d\u00f6n\u00fc\u015f\u00fcm ba\u015flat\u0131yor, ad\u0131mlar\u0131m\u0131z\u0131 ye\u015fil bir gelece\u011fe at\u0131yoruz!<\/em><\/p>\n<p>\u00a0<\/p>\n<p style=\"text-align: center;\">\u00a0Bu program, e\u011fitimler, seminerler,\u00a0 fikir kamplar\u0131yla gen\u00e7lere \u00e7evre bilinci ve s\u00fcrd\u00fcr\u00fclebilirlik konular\u0131nda yeni bir vizyon sa\u011flayacak.<\/p>\n<p style=\"text-align: center;\">Gelece\u011fin liderleri, inovatif projelerle ye\u015fil bir d\u00fcnyaya ad\u0131m atmak i\u00e7in burada bulu\u015fuyor. Bu heyecan verici yolculuk i\u00e7in sen de <br \/><strong>\"S\u00fcrd\u00fcr\u00fclebilirlik 101\"e kat\u0131l<\/strong><\/p>\n<\/div>\t\t\t\t\t                <\/div>\r\n            <\/div>\r\n        <\/div>\r\n\t\t\t\t<\/div>\n\t\t\t\t<\/div>\n\t\t\t\t\t<\/div>\n\t\t<\/div>\n\t\t\t\t\t<\/div>\n\t\t<\/section>\n\t\t\t\t<section class=\"penci-section penci-disSticky penci-structure-30 elementor-section elementor-top-section elementor-element elementor-element-30982dd5 elementor-section-full_width elementor-section-content-middle elementor-section-height-default elementor-section-height-default\" data-id=\"30982dd5\" data-element_type=\"section\">\n\t\t\t\t\t\t<div class=\"elementor-container elementor-column-gap-no\">\n\t\t\t\t\t<div class=\"penci-ercol-33 penci-ercol-order-1 penci-sticky-sb penci-sidebarSC penci-dmcheck penci-elbg-activate penci-elbg-img elementor-column elementor-col-33 elementor-top-column elementor-element elementor-element-ee6bdc5\" data-id=\"ee6bdc5\" data-element_type=\"column\" data-settings=\"{&quot;background_background&quot;:&quot;classic&quot;}\">\n\t\t\t<div class=\"elementor-widget-wrap elementor-element-populated\">\n\t\t\t\t\t<div class=\"elementor-background-overlay\"><\/div>\n\t\t\t\t\t\t<div class=\"elementor-element elementor-element-734a4172 elementor-widget elementor-widget-penci-fancy_heading\" data-id=\"734a4172\" data-element_type=\"widget\" data-widget_type=\"penci-fancy_heading.default\">\n\t\t\t\t<div class=\"elementor-widget-container\">\n\t\t\t\t\t<div class=\"penci-fancy-heading penci-heading-text-center\">\r\n\t\t\t<div class=\"penci-fancy-heading-inner\">\r\n\t\t\t\t<h2 class=\"penci-heading-title\"><span class=\"inner-tit\">B\u0130R STAJIM VAR<\/span><\/h2>\t\t\t<\/div>\r\n\t\t<\/div>\r\n\t\t\t\t<\/div>\n\t\t\t\t<\/div>\n\t\t\t\t<div class=\"elementor-element elementor-element-7204dc6b elementor-widget elementor-widget-penci-button\" data-id=\"7204dc6b\" data-element_type=\"widget\" data-widget_type=\"penci-button.default\">\n\t\t\t\t<div class=\"elementor-widget-container\">\n\t\t\t\t\t<div class=\"pcbtn-wrapper pcbtn-align-center\">\r\n\t\t\t<a class=\"pcbtn pcbtn-icon-left\" \r\n\t\t\t\t\t\t\t\t>\r\n\t\t\t\t<span class=\"pcbtn-wrapperin\">\r\n\t\t\t\t\t<span class=\"pcbtn-content\">\r\n\t\t\t\t\t\t\t\t\t\t\u00c7ok Yak\u0131nda\t\t\t<\/span>\r\n\t\t\t\t\t\t\t\t\t<\/span>\r\n\t\t\t<\/a>\r\n\t\t<\/div>\r\n\t\t\t\t<\/div>\n\t\t\t\t<\/div>\n\t\t\t\t\t<\/div>\n\t\t<\/div>\n\t\t\t\t<div class=\"penci-ercol-33 penci-ercol-order-2 penci-sticky-sb penci-sidebarSC penci-dmcheck penci-elbg-activate penci-elbg-img elementor-column elementor-col-33 elementor-top-column elementor-element elementor-element-6d51cd92\" data-id=\"6d51cd92\" data-element_type=\"column\" data-settings=\"{&quot;background_background&quot;:&quot;classic&quot;}\">\n\t\t\t<div class=\"elementor-widget-wrap elementor-element-populated\">\n\t\t\t\t\t<div class=\"elementor-background-overlay\"><\/div>\n\t\t\t\t\t\t<div class=\"elementor-element elementor-element-3c96617f elementor-widget elementor-widget-penci-fancy_heading\" data-id=\"3c96617f\" data-element_type=\"widget\" data-widget_type=\"penci-fancy_heading.default\">\n\t\t\t\t<div class=\"elementor-widget-container\">\n\t\t\t\t\t<div class=\"penci-fancy-heading penci-heading-text-center\">\r\n\t\t\t<div class=\"penci-fancy-heading-inner\">\r\n\t\t\t\t<h2 class=\"penci-heading-title\"><span class=\"inner-tit\">B\u0130R F\u0130KR\u0130M VAR<\/span><\/h2>\t\t\t<\/div>\r\n\t\t<\/div>\r\n\t\t\t\t<\/div>\n\t\t\t\t<\/div>\n\t\t\t\t<div class=\"elementor-element elementor-element-63444db9 elementor-widget elementor-widget-penci-button\" data-id=\"63444db9\" data-element_type=\"widget\" data-widget_type=\"penci-button.default\">\n\t\t\t\t<div class=\"elementor-widget-container\">\n\t\t\t\t\t<div class=\"pcbtn-wrapper pcbtn-align-center\">\r\n\t\t\t<a class=\"pcbtn pcbtn-icon-left\" \r\n\t\t\t\t\t\t\t\t>\r\n\t\t\t\t<span class=\"pcbtn-wrapperin\">\r\n\t\t\t\t\t<span class=\"pcbtn-content\">\r\n\t\t\t\t\t\t\t\t\t\t\u00c7ok Yak\u0131nda\t\t\t<\/span>\r\n\t\t\t\t\t\t\t\t\t<\/span>\r\n\t\t\t<\/a>\r\n\t\t<\/div>\r\n\t\t\t\t<\/div>\n\t\t\t\t<\/div>\n\t\t\t\t\t<\/div>\n\t\t<\/div>\n\t\t\t\t<div class=\"penci-ercol-33 penci-ercol-order-3 penci-sticky-sb penci-sidebarSC penci-dmcheck penci-elbg-activate penci-elbg-img elementor-column elementor-col-33 elementor-top-column elementor-element elementor-element-1937b671\" data-id=\"1937b671\" data-element_type=\"column\" data-settings=\"{&quot;background_background&quot;:&quot;classic&quot;}\">\n\t\t\t<div class=\"elementor-widget-wrap elementor-element-populated\">\n\t\t\t\t\t<div class=\"elementor-background-overlay\"><\/div>\n\t\t\t\t\t\t<div class=\"elementor-element elementor-element-553f60 elementor-widget elementor-widget-penci-fancy_heading\" data-id=\"553f60\" data-element_type=\"widget\" data-widget_type=\"penci-fancy_heading.default\">\n\t\t\t\t<div class=\"elementor-widget-container\">\n\t\t\t\t\t<div class=\"penci-fancy-heading penci-heading-text-center\">\r\n\t\t\t<div class=\"penci-fancy-heading-inner\">\r\n\t\t\t\t<h2 class=\"penci-heading-title\"><span class=\"inner-tit\">B\u0130R G\u0130R\u0130\u015e\u0130M\u0130M VAR<\/span><\/h2>\t\t\t<\/div>\r\n\t\t<\/div>\r\n\t\t\t\t<\/div>\n\t\t\t\t<\/div>\n\t\t\t\t<div class=\"elementor-element elementor-element-236933a2 elementor-widget elementor-widget-penci-button\" data-id=\"236933a2\" data-element_type=\"widget\" data-widget_type=\"penci-button.default\">\n\t\t\t\t<div class=\"elementor-widget-container\">\n\t\t\t\t\t<div class=\"pcbtn-wrapper pcbtn-align-center\">\r\n\t\t\t<a class=\"pcbtn pcbtn-icon-left\" \r\n\t\t\t\t\t\t\t\t>\r\n\t\t\t\t<span class=\"pcbtn-wrapperin\">\r\n\t\t\t\t\t<span class=\"pcbtn-content\">\r\n\t\t\t\t\t\t\t\t\t\t\u00c7ok Yak\u0131nda\t\t\t<\/span>\r\n\t\t\t\t\t\t\t\t\t<\/span>\r\n\t\t\t<\/a>\r\n\t\t<\/div>\r\n\t\t\t\t<\/div>\n\t\t\t\t<\/div>\n\t\t\t\t\t<\/div>\n\t\t<\/div>\n\t\t\t\t\t<\/div>\n\t\t<\/section>\n\t\t\t\t<\/div>\n\t\t","protected":false},"excerpt":{"rendered":"<p>GELENEKSEL\u0130 BIRAK, FARK YARAT ! Fikirleri idealar \u0131\u015f\u0131\u011f\u0131nda bir araya getiren, giri\u015fimcilerin ilham ald\u0131\u011f\u0131 ve birbirini destekledi\u011fi bir network noktas\u0131y\u0131z. Fark yaratmak isteyen herkesin \u00f6zg\u00fcn yeteneklerini sergileyebilece\u011fi, b\u00fcy\u00fcyebilece\u011fi ve birlikte&hellip;<\/p>\n","protected":false},"author":2,"featured_media":0,"parent":0,"menu_order":0,"comment_status":"closed","ping_status":"closed","template":"page-fullwidth.php","meta":{"content-type":"","footnotes":""},"_links":{"self":[{"href":"https:\/\/fikridea.com\/index.php\/wp-json\/wp\/v2\/pages\/2867"}],"collection":[{"href":"https:\/\/fikridea.com\/index.php\/wp-json\/wp\/v2\/pages"}],"about":[{"href":"https:\/\/fikridea.com\/index.php\/wp-json\/wp\/v2\/types\/page"}],"author":[{"embeddable":true,"href":"https:\/\/fikridea.com\/index.php\/wp-json\/wp\/v2\/users\/2"}],"replies":[{"embeddable":true,"href":"https:\/\/fikridea.com\/index.php\/wp-json\/wp\/v2\/comments?post=2867"}],"version-history":[{"count":25,"href":"https:\/\/fikridea.com\/index.php\/wp-json\/wp\/v2\/pages\/2867\/revisions"}],"predecessor-version":[{"id":2932,"href":"https:\/\/fikridea.com\/index.php\/wp-json\/wp\/v2\/pages\/2867\/revisions\/2932"}],"wp:attachment":[{"href":"https:\/\/fikridea.com\/index.php\/wp-json\/wp\/v2\/media?parent=2867"}],"curies":[{"name":"wp","href":"https:\/\/api.w.org\/{rel}","templated":true}]}}